{"id":2560,"date":"2016-03-01T17:00:17","date_gmt":"2016-03-01T17:00:17","guid":{"rendered":"https:\/\/www.anagram.at\/en\/webdesign-aus-vorarlberg\/"},"modified":"2016-03-01T17:00:17","modified_gmt":"2016-03-01T17:00:17","slug":"webdesign-aus-vorarlberg","status":"publish","type":"page","link":"https:\/\/www.anagram.at\/en\/webdesign-aus-vorarlberg\/","title":{"rendered":"Webdesign, Webapps und Websites &#8211; made in Vorarlberg"},"content":{"rendered":"<p>Professionelles\u00a0Webdesign und Webl\u00f6sungen von Anagram erm\u00f6glichen es Ihnen schnell und einfach wunderbare\u00a0Internetauftritte\u00a0zu realisieren.\u00a0Unsere Referenzen umfassen\u00a0Industrie-, Gastronomie-, Tourismus- und Technologieunternehmen aus Vorarlberg, Tirol, der Schweiz und Deutschland.<\/p>\n<p>Sie wollen aber\u00a0mehr als nur einfaches Webdesign.\u00a0Sie wollen Webdesign der Art<\/p>\n<div class=\"gca-column one-half first\"><ul class=\"checkmark\">\n<li>Suchmaschinenoptimiert<\/li>\n<li>Responsiv<\/li>\n<li>Sicher<\/li>\n<\/ul><\/div><div class=\"gca-column one-half\"><ul class=\"checkmark\">\n<li>Einfach und schnell<\/li>\n<li>Erweiterbar<\/li>\n<\/ul><\/div>\n<h2>Suchmaschinenoptimiert<\/h2>\n<p>Sie wollen sichergehen, dass Sie in Suchmaschinen gut ranken, damit Leser, Auftraggeber\u00a0und Kunden sie finden. Daf\u00fcr sind\u00a0sauberer, optimierter Code und intelligente Designentscheidungen ein wesentlicher Faktor. Wir kennen die Grundlagen und setzen diese f\u00fcr unsere Kunden optimal ein.<\/p>\n<h2>Responsiv<\/h2>\n<p>Sie wollen schlichtes, professionelles Design &#8211; ohne daf\u00fcr ein Verm\u00f6gen zu bezahlen und das auf allen Anzeigeger\u00e4ten.<\/p>\n<h2>Sicher<\/h2>\n<p>Sie wollen h\u00f6chste Sicherheit und Verf\u00fcgbarkeit.<\/p>\n<h2>Einfach und Schnell<\/h2>\n<p>Sie wollen schnelle und einfache Verwaltung ihrer Daten. Wir analysieren im Vorfeld die Anforderungen und entwickeln im Team die ideale Abbildung in unser System.<\/p>\n<h2>Erweiterbar<\/h2>\n<p>Sie wollen ein erweiterbares Softwareprodukt.<\/p>\n<h2>Anspruchsvolles Webdesign<\/h2>\n<p>Sie wollen elegantes, professionelles Design.<\/p>\n<h2>Technologie<\/h2>\n<p>Hier ein \u00dcberblick \u00fcber die verwendeten Technologien, Sprachen und Frameworks bei bisherigen Projekten<br \/>\n<div class=\"gca-column one-third first\"><ul class=\"checkmark\">\n<li>Java<\/li>\n<li>Javascript<\/li>\n<li>PHP<\/li>\n<li>Node.js<\/li>\n<li>Typescript<\/li>\n<li>Angular,<\/li>\n<li>GWT<\/li>\n<li>libGDX<\/li>\n<\/ul><\/div>\n<div class=\"gca-column one-third\"><ul class=\"checkmark\">\n<li>IONIC<\/li>\n<li>Meteor<\/li>\n<li>App Engine<\/li>\n<li>JSP, JSF<\/li>\n<li>Spring<\/li>\n<li>Hibernate<\/li>\n<li>Cordova<\/li>\n<\/ul><\/div>\n<div class=\"gca-column one-third\"><ul class=\"checkmark\">\n<li>WordPress<\/li>\n<li>WooCommerce<\/li>\n<li>Eigene Plugins<\/li>\n<li>Eigene Themes<\/li>\n<li>gulp<\/li>\n<li>grunt<\/li>\n<li>sass, less<\/li>\n<li>uvm.<\/li>\n<\/ul><\/div>\n<h2 style=\"text-align: left;\"><div class=\"gca-utility clearfix\"><\/div>Weitere Services<\/h2>\n<p>Gerne beraten wir Sie auch pers\u00f6nlich \u00fcber alle unsere Services.<\/p>\n<h3>Domain Services<\/h3>\n<p>Sie wollen eine Domain, wissen aber nicht wie? Oder ihre Domain ist bereits vergeben? Wir helfen Ihnen Ihre Wunschdomain zu bekommen und beraten Sie bei der richtigen Wahl.<\/p>\n<h3>SEO Optimierung<\/h3>\n<p>Wir analysieren ihre Website und zeigen Ihnen m\u00f6gliche M\u00e4ngel und Verbesserungsm\u00f6glichkeiten auf.<\/p>\n<h3>Newsletter<\/h3>\n<p>Newsletter stellen ein besonderes Werbemittel dar und eignen sich hervorragend mit m\u00f6glichen Kunden in Kontakt zu treten. Unsere Newsletter L\u00f6sungen zeichnen sich durch einfache Verwaltung, hochwertige Analysen und h\u00f6chste Sicherheit\u00a0beim Versand aus.<\/p>\n","protected":false},"excerpt":{"rendered":"<p>Webdesign von Anagram erm\u00f6glichen es Ihnen schnell und einfach wunderbare Internetauftritte zu erschaffen. Referenzen aus Industrie-, Technologie-, und Tourismusunternehmen aus Vorarlberg, Tirol, der Schweiz und Deutschland runden unser Profil ab.<\/p>\n","protected":false},"author":1,"featured_media":0,"parent":0,"menu_order":0,"comment_status":"closed","ping_status":"closed","template":"","meta":{"_genesis_hide_title":false,"_genesis_hide_breadcrumbs":false,"_genesis_hide_singular_image":false,"_genesis_hide_footer_widgets":false,"_genesis_custom_body_class":"","_genesis_custom_post_class":"","_genesis_layout":""},"categories":[86],"featured_image_src":null,"featured_image_src_square":null,"_links":{"self":[{"href":"https:\/\/www.anagram.at\/en\/wp-json\/wp\/v2\/pages\/2560"}],"collection":[{"href":"https:\/\/www.anagram.at\/en\/wp-json\/wp\/v2\/pages"}],"about":[{"href":"https:\/\/www.anagram.at\/en\/wp-json\/wp\/v2\/types\/page"}],"author":[{"embeddable":true,"href":"https:\/\/www.anagram.at\/en\/wp-json\/wp\/v2\/users\/1"}],"replies":[{"embeddable":true,"href":"https:\/\/www.anagram.at\/en\/wp-json\/wp\/v2\/comments?post=2560"}],"version-history":[{"count":0,"href":"https:\/\/www.anagram.at\/en\/wp-json\/wp\/v2\/pages\/2560\/revisions"}],"wp:attachment":[{"href":"https:\/\/www.anagram.at\/en\/wp-json\/wp\/v2\/media?parent=2560"}],"wp:term":[{"taxonomy":"category","embeddable":true,"href":"https:\/\/www.anagram.at\/en\/wp-json\/wp\/v2\/categories?post=2560"}],"curies":[{"name":"wp","href":"https:\/\/api.w.org\/{rel}","templated":true}]}}